{"id":2280,"date":"2019-04-25T01:59:07","date_gmt":"2019-04-24T23:59:07","guid":{"rendered":"https:\/\/www.beautydermspa.pl\/spa\/?page_id=2280"},"modified":"2019-04-25T02:26:26","modified_gmt":"2019-04-25T00:26:26","slug":"polityka-cookies","status":"publish","type":"page","link":"https:\/\/www.beautydermspa.pl\/spa\/polityka-cookies\/","title":{"rendered":"Polityka cookies"},"content":{"rendered":"<h1>Polityka cookies<\/h1>\n<ol>\n<li>Czym s\u0105 pliki cookies i do czego s\u0142u\u017c\u0105?<\/li>\n<\/ol>\n<p>Cookies to pliki tekstowe, kt\u00f3re zapisywane s\u0105 w Twoim urz\u0105dzeniu i u\u017cywane przez serwer do rozpoznania tego urz\u0105dzenia przy ponownym po\u0142\u0105czeniu, s\u0105 one pobierane przy ka\u017cdym Twoim \u201ewej\u015bciu\u201d i \u201ewyj\u015bciu\u201d z naszej strony. Cookies nie s\u0142u\u017c\u0105 do ustalania Twojej to\u017csamo\u015bci, a jedynie Twojego urz\u0105dzenia \u2013 m.in. po to, by po rozpoznaniu\u00a0 u\u017cywanej przez Ciebie\u00a0 przegl\u0105darki, wy\u015bwietlany obraz by\u0142 jak najlepiej dostosowany do mo\u017cliwo\u015bci technicznych sprz\u0119tu np. jego rozdzielczo\u015bci lub wersji.<\/p>\n<p>Cookies s\u0105 stosowane najcz\u0119\u015bciej w przypadku licznik\u00f3w, sond, sklep\u00f3w internetowych, stron wymagaj\u0105cych logowania, reklam i do monitorowania aktywno\u015bci odwiedzaj\u0105cych. Ciasteczka umo\u017cliwiaj\u0105 tak\u017ce m.in. zapami\u0119tanie Twoich zainteresowa\u0144 i dostosowanie do nich stron internetowych w zakresie wy\u015bwietlanych tre\u015bci oraz dopasowania reklam. Pliki te s\u0105 u\u017cywane praktycznie przez wszystkie dzia\u0142aj\u0105ce w Internecie serwisy \u2013 wyszukiwarki, strony informacyjne, blogi, sklepy internetowe, strony urz\u0119d\u00f3w itp. Korzysta z nich tak\u017ce nasza strona.<\/p>\n<p>&nbsp;<\/p>\n<ol start=\"2\">\n<li>Co robi\u0105 pliki cookies?<\/li>\n<\/ol>\n<p>Generalnie dzia\u0142aj\u0105 one na nast\u0119puj\u0105cych zasadach:<\/p>\n<ul>\n<li>identyfikuj\u0105 dane komputera i przegl\u0105darki u\u017cywanych do przegl\u0105dania stron internetowych \u2013 pozwalaj\u0105 np. dowiedzie\u0107 si\u0119 czy dany komputer ju\u017c odwiedza\u0142 stron\u0119,<\/li>\n<li>dane pozyskane z \u201ecookies\u201d nie s\u0105 w \u017caden spos\u00f3b \u0142\u0105czone z danymi osobowymi u\u017cytkownik\u00f3w pozyskanymi np. podczas rejestracji w serwisach,<\/li>\n<li>nie s\u0105 szkodliwe ani dla Ciebie ani dla Twoich komputer\u00f3w, czy smartfon\u00f3w \u2013 nie wp\u0142ywaj\u0105 na spos\u00f3b ich dzia\u0142ania,<\/li>\n<li>nie powoduj\u0105 zmian konfiguracyjnych w urz\u0105dzeniach ko\u0144cowych, ani<br \/>\nw oprogramowaniu zainstalowanym na tych urz\u0105dzeniach,<\/li>\n<li>domy\u015blne parametry \u201eciasteczek\u201d pozwalaj\u0105 na odczytanie informacji w nich zawartych jedynie serwerowi, kt\u00f3ry je utworzy\u0142,<\/li>\n<li>na podstawie Twoich zachowa\u0144 na odwiedzanych stronach internetowych przekazuj\u0105 do serwer\u00f3w informacje, dzi\u0119ki kt\u00f3rym wy\u015bwietlana strona jest lepiej dopasowana do indywidualnych preferencji.<\/li>\n<\/ul>\n<p>&nbsp;<\/p>\n<ol start=\"3\">\n<li>Jakie s\u0105 rodzaje plik\u00f3w cookies?<\/li>\n<\/ol>\n<p>Wyst\u0119puj\u0105 nast\u0119puj\u0105ce typy cookies:<\/p>\n<ul>\n<li>\u201eCiasteczka sesyjne\u201d \u2013 (ang. session cookies) s\u0105 tymczasowymi plikami, przechowywanymi w pami\u0119ci przegl\u0105darki do momentu zako\u0144czenia jej sesji. Te pliki s\u0105 obowi\u0105zkowe, aby niekt\u00f3re aplikacje lub ich funkcjonalno\u015bci dzia\u0142a\u0142y poprawnie. Po zamkni\u0119ciu przegl\u0105darki powinny by\u0107 automatycznie usuwane z urz\u0105dzenia, na kt\u00f3rym przegl\u0105da\u0142e\u015b stron\u0119,<\/li>\n<li>\u201eCiasteczka sta\u0142e\u201d \u2013 (ang. persistent cookies) u\u0142atwiaj\u0105 korzystanie z cz\u0119sto odwiedzanych stron. Pliki te przechowywane s\u0105 w odpowiednim folderze przez d\u0142u\u017cszy czas, kt\u00f3ry mo\u017cesz regulowa\u0107 w ustawieniach u\u017cywanej przegl\u0105darki. Za ka\u017cdym razem, gdy odwiedzasz stron\u0119, dane z tych ciasteczek s\u0105 przekazywane na serwer. Ten typ plik\u00f3w cookie, z angielska jest czasem nazywany \u201e\u015bledz\u0105cymi\u201d (tracking cookies),<\/li>\n<li>\u201eCiasteczka zewn\u0119trzne\u201d \u2013 (ang. third parties cookies) \u2013 s\u0105 plikami pochodz\u0105cymi zazwyczaj z serwer\u00f3w reklamowych, serwer\u00f3w wyszukuj\u0105cych itd., wsp\u00f3\u0142pracuj\u0105cych z w\u0142a\u015bcicielem danej strony. Dzi\u0119ki nim wy\u015bwietlane reklamy s\u0105 dostosowane do Twoich zainteresowa\u0144 i zwyczaj\u00f3w, co w zamian niejednokrotnie pozwala na bezp\u0142atne korzystanie z cz\u0119\u015bci zawarto\u015bci serwisu. Z ich pomoc\u0105 s\u0105 r\u00f3wnie\u017c zliczane \u201eklikni\u0119cia\u201d na reklamy, preferencje u\u017cytkownika itp.,<\/li>\n<\/ul>\n<p>&nbsp;<\/p>\n<ol start=\"4\">\n<li>Czy musisz wyrazi\u0107 zgod\u0119 na u\u017cywanie przez nas cookies?<\/li>\n<\/ol>\n<p>Pami\u0119taj, \u017ce masz mo\u017cliwo\u015b\u0107 samodzielnego zarz\u0105dzania \u201ecookies\u201d. Umo\u017cliwiaj\u0105 to np. przegl\u0105darki internetowe, z kt\u00f3rych korzystasz (zazwyczaj domy\u015blnie mechanizm jest w\u0142\u0105czony). W najpopularniejszych przegl\u0105darkach masz mo\u017cliwo\u015b\u0107:<\/p>\n<ul>\n<li>zaakceptowania obs\u0142ugi \u201ecookies\u201d, co pozwoli Ci na pe\u0142ne korzystanie z opcji oferowanych przez witryny internetowe,<\/li>\n<li>zarz\u0105dzania cookies na poziomie pojedynczych, wybranych przez Ciebie witryn,<\/li>\n<li>okre\u015blenia ustawie\u0144 dla r\u00f3\u017cnych typ\u00f3w \u201ecookie\u201d, na przyk\u0142ad akceptowania plik\u00f3w trwa\u0142ych jako sesyjnych itp.,<\/li>\n<li>blokowania lub usuwania cookies.<\/li>\n<\/ul>\n<p>Informacje na temat mo\u017cliwo\u015bci w\u0142\u0105czenia i wy\u0142\u0105czenia ciasteczek w najbardziej popularnych przegl\u0105darkach znajdziesz w opcjach ich ustawie\u0144.<\/p>\n<p>Pozostawienie prze Ciebie ustawie\u0144 przegl\u0105darki bez zmian oznacza zgod\u0119 na stosowanie przez nas ciasteczek.\u00a0 Ich blokowanie lub wy\u0142\u0105czenie obs\u0142ugi niekt\u00f3rych ich rodzaj\u00f3w mo\u017ce uniemo\u017cliwi\u0107 Ci natomiast skorzystanie z pe\u0142nej funkcjonalno\u015bci strony lub zak\u0142\u00f3ci\u0107 jej poprawne funkcjonowanie.<\/p>\n<p>&nbsp;<\/p>\n<ol start=\"5\">\n<li>Do czego wykorzystujemy cookies?<\/li>\n<\/ol>\n<p>W ramach strony stosowane s\u0105 zar\u00f3wno ciasteczka sesyjne, jak ciasteczka sta\u0142e. Wykorzystujemy je w nast\u0119puj\u0105cych celach:<\/p>\n<ul>\n<li>tworzenia statystyk, co umo\u017cliwia ulepszanie zawarto\u015bci stron ich struktury<br \/>\ni zawarto\u015bci,<\/li>\n<li>utrzymanie sesji U\u017cytkownika strony.<\/li>\n<\/ul>\n<p>W celu poprawnego wy\u015bwietlania strony zbierane s\u0105 nast\u0119puj\u0105ce informacje: nazwa<br \/>\ni wersja przegl\u0105darki internetowej, ustawienia j\u0119zyka, data i godzina wys\u0142ania \u017c\u0105dania do serwera, IP z kt\u00f3rego zosta\u0142o wys\u0142ane \u017c\u0105danie, \u017c\u0105dany URL. Dane te zbierane s\u0105 w celu umo\u017cliwienia prawid\u0142owej obs\u0142ugi strony.<\/p>\n<p>W celu tworzenia statystyk wykorzystywane jest narz\u0119dzie analityki internetowej \u2013 Google Analytics, kt\u00f3re \u00a0gromadzi dane oraz korzysta z w\u0142asnych plik\u00f3w cookies zgodne z Polityk\u0105 Prywatno\u015bci firmy Google dost\u0119pn\u0105\u00a0<a href=\"https:\/\/www.google.com\/intl\/pl\/policies\/privacy\/\">pod tym adresem<\/a>.<\/p>\n<p>Google gromadzi na swoich serwerach dane pozyskane z umieszczania na urz\u0105dzeniach plik\u00f3w cookies i korzysta z tych informacji w celu tworzenia raport\u00f3w<br \/>\ni \u015bwiadczenia innych us\u0142ug zwi\u0105zanych z ruchem i korzystaniem z Internetu. Google mo\u017ce r\u00f3wnie\u017c przekazywa\u0107 te informacje podmiotom trzecim, je\u017celi b\u0119dzie zobowi\u0105zane to uczyni\u0107 na podstawie przepis\u00f3w prawa lub w przypadku, gdy podmioty te przetwarzaj\u0105 takie informacje w imieniu Google.<\/p>\n<p>Dane zbierane przez nasz\u0105 stron\u0119 nie s\u0105 ujawniane ani udost\u0119pniane podmiotom trzecim za wyj\u0105tkiem w\u0142a\u015bciwych organ\u00f3w \u015bcigania uprawnionych do prowadzenia post\u0119powania karnego w zwi\u0105zku z jego wszcz\u0119ciem na nasz wniosek.<\/p>\n<p>&nbsp;<\/p>\n<p>&nbsp;<\/p>\n","protected":false},"excerpt":{"rendered":"<p>Polityka cookies Czym s\u0105 pliki cookies i do czego s\u0142u\u017c\u0105? Cookies to pliki tekstowe, kt\u00f3re zapisywane s\u0105 w Twoim urz\u0105dzeniu i u\u017cywane przez serwer do rozpoznania tego urz\u0105dzenia przy ponownym po\u0142\u0105czeniu, s\u0105 one pobierane przy ka\u017cdym Twoim \u201ewej\u015bciu\u201d i \u201ewyj\u015bciu\u201d z naszej strony. Cookies nie s\u0142u\u017c\u0105 do ustalania Twojej to\u017csamo\u015bci, a jedynie Twojego urz\u0105dzenia \u2013 [&hellip;]<\/p>\n","protected":false},"author":6,"featured_media":0,"parent":0,"menu_order":0,"comment_status":"closed","ping_status":"closed","template":"","meta":{"_monsterinsights_skip_tracking":false,"_monsterinsights_sitenote_active":false,"_monsterinsights_sitenote_note":"","_monsterinsights_sitenote_category":0},"yoast_head":"<!-- This site is optimized with the Yoast SEO plugin v17.4 - https:\/\/yoast.com\/wordpress\/plugins\/seo\/ -->\n<title>Polityka cookies - Beauty Derm Spa Gda\u0144sk Hotel Posejdon<\/title>\n<meta name=\"robots\" content=\"index, follow, max-snippet:-1, max-image-preview:large, max-video-preview:-1\" \/>\n<link rel=\"canonical\" href=\"https:\/\/www.beautydermspa.pl\/spa\/polityka-cookies\/\" \/>\n<meta property=\"og:locale\" content=\"pl_PL\" \/>\n<meta property=\"og:type\" content=\"article\" \/>\n<meta property=\"og:title\" content=\"Polityka cookies - Beauty Derm Spa Gda\u0144sk Hotel Posejdon\" \/>\n<meta property=\"og:description\" content=\"Polityka cookies Czym s\u0105 pliki cookies i do czego s\u0142u\u017c\u0105? Cookies to pliki tekstowe, kt\u00f3re zapisywane s\u0105 w Twoim urz\u0105dzeniu i u\u017cywane przez serwer do rozpoznania tego urz\u0105dzenia przy ponownym po\u0142\u0105czeniu, s\u0105 one pobierane przy ka\u017cdym Twoim \u201ewej\u015bciu\u201d i \u201ewyj\u015bciu\u201d z naszej strony. Cookies nie s\u0142u\u017c\u0105 do ustalania Twojej to\u017csamo\u015bci, a jedynie Twojego urz\u0105dzenia \u2013 [&hellip;]\" \/>\n<meta property=\"og:url\" content=\"https:\/\/www.beautydermspa.pl\/spa\/polityka-cookies\/\" \/>\n<meta property=\"og:site_name\" content=\"Beauty Derm Spa Gda\u0144sk Hotel Posejdon\" \/>\n<meta property=\"article:publisher\" content=\"https:\/\/www.facebook.com\/BeautyDermInstytutCentrumSPA\" \/>\n<meta property=\"article:modified_time\" content=\"2019-04-25T00:26:26+00:00\" \/>\n<meta name=\"twitter:card\" content=\"summary_large_image\" \/>\n<meta name=\"twitter:label1\" content=\"Szacowany czas czytania\" \/>\n\t<meta name=\"twitter:data1\" content=\"5 minut\" \/>\n<script type=\"application\/ld+json\" class=\"yoast-schema-graph\">{\"@context\":\"https:\/\/schema.org\",\"@graph\":[{\"@type\":\"WebSite\",\"@id\":\"https:\/\/www.beautydermspa.pl\/spa\/#website\",\"url\":\"https:\/\/www.beautydermspa.pl\/spa\/\",\"name\":\"Beauty Derm Spa Gda\\u0144sk Hotel Posejdon\",\"description\":\"Hotel Mercure Gda\\u0144sk Posejdon\",\"potentialAction\":[{\"@type\":\"SearchAction\",\"target\":{\"@type\":\"EntryPoint\",\"urlTemplate\":\"https:\/\/www.beautydermspa.pl\/spa\/?s={search_term_string}\"},\"query-input\":\"required name=search_term_string\"}],\"inLanguage\":\"pl-PL\"},{\"@type\":\"WebPage\",\"@id\":\"https:\/\/www.beautydermspa.pl\/spa\/polityka-cookies\/#webpage\",\"url\":\"https:\/\/www.beautydermspa.pl\/spa\/polityka-cookies\/\",\"name\":\"Polityka cookies - Beauty Derm Spa Gda\\u0144sk Hotel Posejdon\",\"isPartOf\":{\"@id\":\"https:\/\/www.beautydermspa.pl\/spa\/#website\"},\"datePublished\":\"2019-04-24T23:59:07+00:00\",\"dateModified\":\"2019-04-25T00:26:26+00:00\",\"breadcrumb\":{\"@id\":\"https:\/\/www.beautydermspa.pl\/spa\/polityka-cookies\/#breadcrumb\"},\"inLanguage\":\"pl-PL\",\"potentialAction\":[{\"@type\":\"ReadAction\",\"target\":[\"https:\/\/www.beautydermspa.pl\/spa\/polityka-cookies\/\"]}]},{\"@type\":\"BreadcrumbList\",\"@id\":\"https:\/\/www.beautydermspa.pl\/spa\/polityka-cookies\/#breadcrumb\",\"itemListElement\":[{\"@type\":\"ListItem\",\"position\":1,\"name\":\"Strona g\\u0142\\u00f3wna\",\"item\":\"https:\/\/www.beautydermspa.pl\/spa\/start\/\"},{\"@type\":\"ListItem\",\"position\":2,\"name\":\"Polityka cookies\"}]}]}<\/script>\n<!-- \/ Yoast SEO plugin. -->","yoast_head_json":{"title":"Polityka cookies - Beauty Derm Spa Gda\u0144sk Hotel Posejdon","robots":{"index":"index","follow":"follow","max-snippet":"max-snippet:-1","max-image-preview":"max-image-preview:large","max-video-preview":"max-video-preview:-1"},"canonical":"https:\/\/www.beautydermspa.pl\/spa\/polityka-cookies\/","og_locale":"pl_PL","og_type":"article","og_title":"Polityka cookies - Beauty Derm Spa Gda\u0144sk Hotel Posejdon","og_description":"Polityka cookies Czym s\u0105 pliki cookies i do czego s\u0142u\u017c\u0105? Cookies to pliki tekstowe, kt\u00f3re zapisywane s\u0105 w Twoim urz\u0105dzeniu i u\u017cywane przez serwer do rozpoznania tego urz\u0105dzenia przy ponownym po\u0142\u0105czeniu, s\u0105 one pobierane przy ka\u017cdym Twoim \u201ewej\u015bciu\u201d i \u201ewyj\u015bciu\u201d z naszej strony. Cookies nie s\u0142u\u017c\u0105 do ustalania Twojej to\u017csamo\u015bci, a jedynie Twojego urz\u0105dzenia \u2013 [&hellip;]","og_url":"https:\/\/www.beautydermspa.pl\/spa\/polityka-cookies\/","og_site_name":"Beauty Derm Spa Gda\u0144sk Hotel Posejdon","article_publisher":"https:\/\/www.facebook.com\/BeautyDermInstytutCentrumSPA","article_modified_time":"2019-04-25T00:26:26+00:00","twitter_card":"summary_large_image","twitter_misc":{"Szacowany czas czytania":"5 minut"},"schema":{"@context":"https:\/\/schema.org","@graph":[{"@type":"WebSite","@id":"https:\/\/www.beautydermspa.pl\/spa\/#website","url":"https:\/\/www.beautydermspa.pl\/spa\/","name":"Beauty Derm Spa Gda\u0144sk Hotel Posejdon","description":"Hotel Mercure Gda\u0144sk Posejdon","potentialAction":[{"@type":"SearchAction","target":{"@type":"EntryPoint","urlTemplate":"https:\/\/www.beautydermspa.pl\/spa\/?s={search_term_string}"},"query-input":"required name=search_term_string"}],"inLanguage":"pl-PL"},{"@type":"WebPage","@id":"https:\/\/www.beautydermspa.pl\/spa\/polityka-cookies\/#webpage","url":"https:\/\/www.beautydermspa.pl\/spa\/polityka-cookies\/","name":"Polityka cookies - Beauty Derm Spa Gda\u0144sk Hotel Posejdon","isPartOf":{"@id":"https:\/\/www.beautydermspa.pl\/spa\/#website"},"datePublished":"2019-04-24T23:59:07+00:00","dateModified":"2019-04-25T00:26:26+00:00","breadcrumb":{"@id":"https:\/\/www.beautydermspa.pl\/spa\/polityka-cookies\/#breadcrumb"},"inLanguage":"pl-PL","potentialAction":[{"@type":"ReadAction","target":["https:\/\/www.beautydermspa.pl\/spa\/polityka-cookies\/"]}]},{"@type":"BreadcrumbList","@id":"https:\/\/www.beautydermspa.pl\/spa\/polityka-cookies\/#breadcrumb","itemListElement":[{"@type":"ListItem","position":1,"name":"Strona g\u0142\u00f3wna","item":"https:\/\/www.beautydermspa.pl\/spa\/start\/"},{"@type":"ListItem","position":2,"name":"Polityka cookies"}]}]}},"_links":{"self":[{"href":"https:\/\/www.beautydermspa.pl\/spa\/wp-json\/wp\/v2\/pages\/2280"}],"collection":[{"href":"https:\/\/www.beautydermspa.pl\/spa\/wp-json\/wp\/v2\/pages"}],"about":[{"href":"https:\/\/www.beautydermspa.pl\/spa\/wp-json\/wp\/v2\/types\/page"}],"author":[{"embeddable":true,"href":"https:\/\/www.beautydermspa.pl\/spa\/wp-json\/wp\/v2\/users\/6"}],"replies":[{"embeddable":true,"href":"https:\/\/www.beautydermspa.pl\/spa\/wp-json\/wp\/v2\/comments?post=2280"}],"version-history":[{"count":3,"href":"https:\/\/www.beautydermspa.pl\/spa\/wp-json\/wp\/v2\/pages\/2280\/revisions"}],"predecessor-version":[{"id":14325,"href":"https:\/\/www.beautydermspa.pl\/spa\/wp-json\/wp\/v2\/pages\/2280\/revisions\/14325"}],"wp:attachment":[{"href":"https:\/\/www.beautydermspa.pl\/spa\/wp-json\/wp\/v2\/media?parent=2280"}],"curies":[{"name":"wp","href":"https:\/\/api.w.org\/{rel}","templated":true}]}}