{"id":17546,"date":"2026-04-02T10:57:38","date_gmt":"2026-04-02T08:57:38","guid":{"rendered":"https:\/\/www.beautydermspa.pl\/spa\/?post_type=product&#038;p=17546"},"modified":"2026-04-02T11:09:54","modified_gmt":"2026-04-02T09:09:54","slug":"karnet-open-basen-sauna-silownia-2","status":"publish","type":"product","link":"https:\/\/www.beautydermspa.pl\/spa\/produkt\/karnet-open-basen-sauna-silownia-2\/","title":{"rendered":"Karnet OPEN (basen, sauna, si\u0142ownia)"},"content":{"rendered":"<p>wa\u017cny 1 miesi\u0105c<\/p>\n","protected":false},"excerpt":{"rendered":"<p>wa\u017cny 1 miesi\u0105c<\/p>\n","protected":false},"featured_media":686,"template":"","meta":{"_monsterinsights_skip_tracking":false,"_monsterinsights_sitenote_active":false,"_monsterinsights_sitenote_note":"","_monsterinsights_sitenote_category":0},"product_cat":[60],"product_tag":[],"yoast_head":"<!-- This site is optimized with the Yoast SEO plugin v17.4 - https:\/\/yoast.com\/wordpress\/plugins\/seo\/ -->\n<title>Karnet OPEN (basen, sauna, si\u0142ownia) - Beauty Derm Spa Gda\u0144sk Hotel Posejdon<\/title>\n<meta name=\"robots\" content=\"index, follow, max-snippet:-1, max-image-preview:large, max-video-preview:-1\" \/>\n<link rel=\"canonical\" href=\"https:\/\/www.beautydermspa.pl\/spa\/produkt\/karnet-open-basen-sauna-silownia-2\/\" \/>\n<meta property=\"og:locale\" content=\"pl_PL\" \/>\n<meta property=\"og:type\" content=\"article\" \/>\n<meta property=\"og:title\" content=\"Karnet OPEN (basen, sauna, si\u0142ownia) - Beauty Derm Spa Gda\u0144sk Hotel Posejdon\" \/>\n<meta property=\"og:description\" content=\"wa\u017cny 1 miesi\u0105c\" \/>\n<meta property=\"og:url\" content=\"https:\/\/www.beautydermspa.pl\/spa\/produkt\/karnet-open-basen-sauna-silownia-2\/\" \/>\n<meta property=\"og:site_name\" content=\"Beauty Derm Spa Gda\u0144sk Hotel Posejdon\" \/>\n<meta property=\"article:publisher\" content=\"https:\/\/www.facebook.com\/BeautyDermInstytutCentrumSPA\" \/>\n<meta property=\"article:modified_time\" content=\"2026-04-02T09:09:54+00:00\" \/>\n<meta property=\"og:image\" content=\"https:\/\/www.beautydermspa.pl\/spa\/wp-content\/\/uploads\/2018\/04\/BDspa.png\" \/>\n\t<meta property=\"og:image:width\" content=\"400\" \/>\n\t<meta property=\"og:image:height\" content=\"400\" \/>\n<meta name=\"twitter:card\" content=\"summary_large_image\" \/>\n<script type=\"application\/ld+json\" class=\"yoast-schema-graph\">{\"@context\":\"https:\/\/schema.org\",\"@graph\":[{\"@type\":\"WebSite\",\"@id\":\"https:\/\/www.beautydermspa.pl\/spa\/#website\",\"url\":\"https:\/\/www.beautydermspa.pl\/spa\/\",\"name\":\"Beauty Derm Spa Gda\\u0144sk Hotel Posejdon\",\"description\":\"Hotel Mercure Gda\\u0144sk Posejdon\",\"potentialAction\":[{\"@type\":\"SearchAction\",\"target\":{\"@type\":\"EntryPoint\",\"urlTemplate\":\"https:\/\/www.beautydermspa.pl\/spa\/?s={search_term_string}\"},\"query-input\":\"required name=search_term_string\"}],\"inLanguage\":\"pl-PL\"},{\"@type\":\"ImageObject\",\"@id\":\"https:\/\/www.beautydermspa.pl\/spa\/produkt\/karnet-open-basen-sauna-silownia-2\/#primaryimage\",\"inLanguage\":\"pl-PL\",\"url\":\"https:\/\/www.beautydermspa.pl\/spa\/wp-content\/\/uploads\/2018\/04\/BDspa.png\",\"contentUrl\":\"https:\/\/www.beautydermspa.pl\/spa\/wp-content\/\/uploads\/2018\/04\/BDspa.png\",\"width\":400,\"height\":400},{\"@type\":\"WebPage\",\"@id\":\"https:\/\/www.beautydermspa.pl\/spa\/produkt\/karnet-open-basen-sauna-silownia-2\/#webpage\",\"url\":\"https:\/\/www.beautydermspa.pl\/spa\/produkt\/karnet-open-basen-sauna-silownia-2\/\",\"name\":\"Karnet OPEN (basen, sauna, si\\u0142ownia) - Beauty Derm Spa Gda\\u0144sk Hotel Posejdon\",\"isPartOf\":{\"@id\":\"https:\/\/www.beautydermspa.pl\/spa\/#website\"},\"primaryImageOfPage\":{\"@id\":\"https:\/\/www.beautydermspa.pl\/spa\/produkt\/karnet-open-basen-sauna-silownia-2\/#primaryimage\"},\"datePublished\":\"2026-04-02T08:57:38+00:00\",\"dateModified\":\"2026-04-02T09:09:54+00:00\",\"breadcrumb\":{\"@id\":\"https:\/\/www.beautydermspa.pl\/spa\/produkt\/karnet-open-basen-sauna-silownia-2\/#breadcrumb\"},\"inLanguage\":\"pl-PL\",\"potentialAction\":[{\"@type\":\"ReadAction\",\"target\":[\"https:\/\/www.beautydermspa.pl\/spa\/produkt\/karnet-open-basen-sauna-silownia-2\/\"]}]},{\"@type\":\"BreadcrumbList\",\"@id\":\"https:\/\/www.beautydermspa.pl\/spa\/produkt\/karnet-open-basen-sauna-silownia-2\/#breadcrumb\",\"itemListElement\":[{\"@type\":\"ListItem\",\"position\":1,\"name\":\"Strona g\\u0142\\u00f3wna\",\"item\":\"https:\/\/www.beautydermspa.pl\/spa\/start\/\"},{\"@type\":\"ListItem\",\"position\":2,\"name\":\"Sklep\",\"item\":\"https:\/\/www.beautydermspa.pl\/spa\/sklep\/\"},{\"@type\":\"ListItem\",\"position\":3,\"name\":\"Karnet OPEN (basen, sauna, si\\u0142ownia)\"}]}]}<\/script>\n<!-- \/ Yoast SEO plugin. -->","yoast_head_json":{"title":"Karnet OPEN (basen, sauna, si\u0142ownia) - Beauty Derm Spa Gda\u0144sk Hotel Posejdon","robots":{"index":"index","follow":"follow","max-snippet":"max-snippet:-1","max-image-preview":"max-image-preview:large","max-video-preview":"max-video-preview:-1"},"canonical":"https:\/\/www.beautydermspa.pl\/spa\/produkt\/karnet-open-basen-sauna-silownia-2\/","og_locale":"pl_PL","og_type":"article","og_title":"Karnet OPEN (basen, sauna, si\u0142ownia) - Beauty Derm Spa Gda\u0144sk Hotel Posejdon","og_description":"wa\u017cny 1 miesi\u0105c","og_url":"https:\/\/www.beautydermspa.pl\/spa\/produkt\/karnet-open-basen-sauna-silownia-2\/","og_site_name":"Beauty Derm Spa Gda\u0144sk Hotel Posejdon","article_publisher":"https:\/\/www.facebook.com\/BeautyDermInstytutCentrumSPA","article_modified_time":"2026-04-02T09:09:54+00:00","og_image":[{"width":400,"height":400,"url":"https:\/\/www.beautydermspa.pl\/spa\/wp-content\/\/uploads\/2018\/04\/BDspa.png","type":"image\/png"}],"twitter_card":"summary_large_image","schema":{"@context":"https:\/\/schema.org","@graph":[{"@type":"WebSite","@id":"https:\/\/www.beautydermspa.pl\/spa\/#website","url":"https:\/\/www.beautydermspa.pl\/spa\/","name":"Beauty Derm Spa Gda\u0144sk Hotel Posejdon","description":"Hotel Mercure Gda\u0144sk Posejdon","potentialAction":[{"@type":"SearchAction","target":{"@type":"EntryPoint","urlTemplate":"https:\/\/www.beautydermspa.pl\/spa\/?s={search_term_string}"},"query-input":"required name=search_term_string"}],"inLanguage":"pl-PL"},{"@type":"ImageObject","@id":"https:\/\/www.beautydermspa.pl\/spa\/produkt\/karnet-open-basen-sauna-silownia-2\/#primaryimage","inLanguage":"pl-PL","url":"https:\/\/www.beautydermspa.pl\/spa\/wp-content\/\/uploads\/2018\/04\/BDspa.png","contentUrl":"https:\/\/www.beautydermspa.pl\/spa\/wp-content\/\/uploads\/2018\/04\/BDspa.png","width":400,"height":400},{"@type":"WebPage","@id":"https:\/\/www.beautydermspa.pl\/spa\/produkt\/karnet-open-basen-sauna-silownia-2\/#webpage","url":"https:\/\/www.beautydermspa.pl\/spa\/produkt\/karnet-open-basen-sauna-silownia-2\/","name":"Karnet OPEN (basen, sauna, si\u0142ownia) - Beauty Derm Spa Gda\u0144sk Hotel Posejdon","isPartOf":{"@id":"https:\/\/www.beautydermspa.pl\/spa\/#website"},"primaryImageOfPage":{"@id":"https:\/\/www.beautydermspa.pl\/spa\/produkt\/karnet-open-basen-sauna-silownia-2\/#primaryimage"},"datePublished":"2026-04-02T08:57:38+00:00","dateModified":"2026-04-02T09:09:54+00:00","breadcrumb":{"@id":"https:\/\/www.beautydermspa.pl\/spa\/produkt\/karnet-open-basen-sauna-silownia-2\/#breadcrumb"},"inLanguage":"pl-PL","potentialAction":[{"@type":"ReadAction","target":["https:\/\/www.beautydermspa.pl\/spa\/produkt\/karnet-open-basen-sauna-silownia-2\/"]}]},{"@type":"BreadcrumbList","@id":"https:\/\/www.beautydermspa.pl\/spa\/produkt\/karnet-open-basen-sauna-silownia-2\/#breadcrumb","itemListElement":[{"@type":"ListItem","position":1,"name":"Strona g\u0142\u00f3wna","item":"https:\/\/www.beautydermspa.pl\/spa\/start\/"},{"@type":"ListItem","position":2,"name":"Sklep","item":"https:\/\/www.beautydermspa.pl\/spa\/sklep\/"},{"@type":"ListItem","position":3,"name":"Karnet OPEN (basen, sauna, si\u0142ownia)"}]}]}},"_links":{"self":[{"href":"https:\/\/www.beautydermspa.pl\/spa\/wp-json\/wp\/v2\/product\/17546"}],"collection":[{"href":"https:\/\/www.beautydermspa.pl\/spa\/wp-json\/wp\/v2\/product"}],"about":[{"href":"https:\/\/www.beautydermspa.pl\/spa\/wp-json\/wp\/v2\/types\/product"}],"wp:featuredmedia":[{"embeddable":true,"href":"https:\/\/www.beautydermspa.pl\/spa\/wp-json\/wp\/v2\/media\/686"}],"wp:attachment":[{"href":"https:\/\/www.beautydermspa.pl\/spa\/wp-json\/wp\/v2\/media?parent=17546"}],"wp:term":[{"taxonomy":"product_cat","embeddable":true,"href":"https:\/\/www.beautydermspa.pl\/spa\/wp-json\/wp\/v2\/product_cat?post=17546"},{"taxonomy":"product_tag","embeddable":true,"href":"https:\/\/www.beautydermspa.pl\/spa\/wp-json\/wp\/v2\/product_tag?post=17546"}],"curies":[{"name":"wp","href":"https:\/\/api.w.org\/{rel}","templated":true}]}}