{"id":937,"date":"2018-05-14T09:52:26","date_gmt":"2018-05-14T07:52:26","guid":{"rendered":"http:\/\/beautydermspa.pl\/spa\/?post_type=product&#038;p=937"},"modified":"2025-03-07T00:00:23","modified_gmt":"2025-03-06T23:00:23","slug":"karnet-6-wejsc-basen-sauna-silownia","status":"publish","type":"product","link":"https:\/\/www.beautydermspa.pl\/spa\/produkt\/karnet-6-wejsc-basen-sauna-silownia\/","title":{"rendered":"Karnet Open 6 wej\u015b\u0107 (basen,strefa saun, si\u0142ownia)"},"content":{"rendered":"<p>Czas na wykorzystanie 4 tygodnie.<\/p>\n","protected":false},"excerpt":{"rendered":"<p>Czas na wykorzystanie 4 tygodnie.<\/p>\n","protected":false},"featured_media":2479,"template":"","meta":{"_monsterinsights_skip_tracking":false,"_monsterinsights_sitenote_active":false,"_monsterinsights_sitenote_note":"","_monsterinsights_sitenote_category":0},"product_cat":[60],"product_tag":[],"yoast_head":"<!-- This site is optimized with the Yoast SEO plugin v17.4 - https:\/\/yoast.com\/wordpress\/plugins\/seo\/ -->\n<title>Karnet Open 6 wej\u015b\u0107 (basen,strefa saun, si\u0142ownia) - Beauty Derm Spa Gda\u0144sk Hotel Posejdon<\/title>\n<meta name=\"robots\" content=\"index, follow, max-snippet:-1, max-image-preview:large, max-video-preview:-1\" \/>\n<link rel=\"canonical\" href=\"https:\/\/www.beautydermspa.pl\/spa\/produkt\/karnet-6-wejsc-basen-sauna-silownia\/\" \/>\n<meta property=\"og:locale\" content=\"pl_PL\" \/>\n<meta property=\"og:type\" content=\"article\" \/>\n<meta property=\"og:title\" content=\"Karnet Open 6 wej\u015b\u0107 (basen,strefa saun, si\u0142ownia) - Beauty Derm Spa Gda\u0144sk Hotel Posejdon\" \/>\n<meta property=\"og:description\" content=\"Czas na wykorzystanie 4 tygodnie.\" \/>\n<meta property=\"og:url\" content=\"https:\/\/www.beautydermspa.pl\/spa\/produkt\/karnet-6-wejsc-basen-sauna-silownia\/\" \/>\n<meta property=\"og:site_name\" content=\"Beauty Derm Spa Gda\u0144sk Hotel Posejdon\" \/>\n<meta property=\"article:publisher\" content=\"https:\/\/www.facebook.com\/BeautyDermInstytutCentrumSPA\" \/>\n<meta property=\"article:modified_time\" content=\"2025-03-06T23:00:23+00:00\" \/>\n<meta property=\"og:image\" content=\"https:\/\/www.beautydermspa.pl\/spa\/wp-content\/\/uploads\/2019\/05\/1231788-Beauty-Derm-Instytut-Centrum-SPA.jpg\" \/>\n\t<meta property=\"og:image:width\" content=\"800\" \/>\n\t<meta property=\"og:image:height\" content=\"550\" \/>\n<meta name=\"twitter:card\" content=\"summary_large_image\" \/>\n<script type=\"application\/ld+json\" class=\"yoast-schema-graph\">{\"@context\":\"https:\/\/schema.org\",\"@graph\":[{\"@type\":\"WebSite\",\"@id\":\"https:\/\/www.beautydermspa.pl\/spa\/#website\",\"url\":\"https:\/\/www.beautydermspa.pl\/spa\/\",\"name\":\"Beauty Derm Spa Gda\\u0144sk Hotel Posejdon\",\"description\":\"Hotel Mercure Gda\\u0144sk Posejdon\",\"potentialAction\":[{\"@type\":\"SearchAction\",\"target\":{\"@type\":\"EntryPoint\",\"urlTemplate\":\"https:\/\/www.beautydermspa.pl\/spa\/?s={search_term_string}\"},\"query-input\":\"required name=search_term_string\"}],\"inLanguage\":\"pl-PL\"},{\"@type\":\"ImageObject\",\"@id\":\"https:\/\/www.beautydermspa.pl\/spa\/produkt\/karnet-6-wejsc-basen-sauna-silownia\/#primaryimage\",\"inLanguage\":\"pl-PL\",\"url\":\"https:\/\/www.beautydermspa.pl\/spa\/wp-content\/\/uploads\/2019\/05\/1231788-Beauty-Derm-Instytut-Centrum-SPA.jpg\",\"contentUrl\":\"https:\/\/www.beautydermspa.pl\/spa\/wp-content\/\/uploads\/2019\/05\/1231788-Beauty-Derm-Instytut-Centrum-SPA.jpg\",\"width\":800,\"height\":550},{\"@type\":\"WebPage\",\"@id\":\"https:\/\/www.beautydermspa.pl\/spa\/produkt\/karnet-6-wejsc-basen-sauna-silownia\/#webpage\",\"url\":\"https:\/\/www.beautydermspa.pl\/spa\/produkt\/karnet-6-wejsc-basen-sauna-silownia\/\",\"name\":\"Karnet Open 6 wej\\u015b\\u0107 (basen,strefa saun, si\\u0142ownia) - Beauty Derm Spa Gda\\u0144sk Hotel Posejdon\",\"isPartOf\":{\"@id\":\"https:\/\/www.beautydermspa.pl\/spa\/#website\"},\"primaryImageOfPage\":{\"@id\":\"https:\/\/www.beautydermspa.pl\/spa\/produkt\/karnet-6-wejsc-basen-sauna-silownia\/#primaryimage\"},\"datePublished\":\"2018-05-14T07:52:26+00:00\",\"dateModified\":\"2025-03-06T23:00:23+00:00\",\"breadcrumb\":{\"@id\":\"https:\/\/www.beautydermspa.pl\/spa\/produkt\/karnet-6-wejsc-basen-sauna-silownia\/#breadcrumb\"},\"inLanguage\":\"pl-PL\",\"potentialAction\":[{\"@type\":\"ReadAction\",\"target\":[\"https:\/\/www.beautydermspa.pl\/spa\/produkt\/karnet-6-wejsc-basen-sauna-silownia\/\"]}]},{\"@type\":\"BreadcrumbList\",\"@id\":\"https:\/\/www.beautydermspa.pl\/spa\/produkt\/karnet-6-wejsc-basen-sauna-silownia\/#breadcrumb\",\"itemListElement\":[{\"@type\":\"ListItem\",\"position\":1,\"name\":\"Strona g\\u0142\\u00f3wna\",\"item\":\"https:\/\/www.beautydermspa.pl\/spa\/start\/\"},{\"@type\":\"ListItem\",\"position\":2,\"name\":\"Sklep\",\"item\":\"https:\/\/www.beautydermspa.pl\/spa\/sklep\/\"},{\"@type\":\"ListItem\",\"position\":3,\"name\":\"Karnet Open 6 wej\\u015b\\u0107 (basen,strefa saun, si\\u0142ownia)\"}]}]}<\/script>\n<!-- \/ Yoast SEO plugin. -->","yoast_head_json":{"title":"Karnet Open 6 wej\u015b\u0107 (basen,strefa saun, si\u0142ownia) - Beauty Derm Spa Gda\u0144sk Hotel Posejdon","robots":{"index":"index","follow":"follow","max-snippet":"max-snippet:-1","max-image-preview":"max-image-preview:large","max-video-preview":"max-video-preview:-1"},"canonical":"https:\/\/www.beautydermspa.pl\/spa\/produkt\/karnet-6-wejsc-basen-sauna-silownia\/","og_locale":"pl_PL","og_type":"article","og_title":"Karnet Open 6 wej\u015b\u0107 (basen,strefa saun, si\u0142ownia) - Beauty Derm Spa Gda\u0144sk Hotel Posejdon","og_description":"Czas na wykorzystanie 4 tygodnie.","og_url":"https:\/\/www.beautydermspa.pl\/spa\/produkt\/karnet-6-wejsc-basen-sauna-silownia\/","og_site_name":"Beauty Derm Spa Gda\u0144sk Hotel Posejdon","article_publisher":"https:\/\/www.facebook.com\/BeautyDermInstytutCentrumSPA","article_modified_time":"2025-03-06T23:00:23+00:00","og_image":[{"width":800,"height":550,"url":"https:\/\/www.beautydermspa.pl\/spa\/wp-content\/\/uploads\/2019\/05\/1231788-Beauty-Derm-Instytut-Centrum-SPA.jpg","type":"image\/jpeg"}],"twitter_card":"summary_large_image","schema":{"@context":"https:\/\/schema.org","@graph":[{"@type":"WebSite","@id":"https:\/\/www.beautydermspa.pl\/spa\/#website","url":"https:\/\/www.beautydermspa.pl\/spa\/","name":"Beauty Derm Spa Gda\u0144sk Hotel Posejdon","description":"Hotel Mercure Gda\u0144sk Posejdon","potentialAction":[{"@type":"SearchAction","target":{"@type":"EntryPoint","urlTemplate":"https:\/\/www.beautydermspa.pl\/spa\/?s={search_term_string}"},"query-input":"required name=search_term_string"}],"inLanguage":"pl-PL"},{"@type":"ImageObject","@id":"https:\/\/www.beautydermspa.pl\/spa\/produkt\/karnet-6-wejsc-basen-sauna-silownia\/#primaryimage","inLanguage":"pl-PL","url":"https:\/\/www.beautydermspa.pl\/spa\/wp-content\/\/uploads\/2019\/05\/1231788-Beauty-Derm-Instytut-Centrum-SPA.jpg","contentUrl":"https:\/\/www.beautydermspa.pl\/spa\/wp-content\/\/uploads\/2019\/05\/1231788-Beauty-Derm-Instytut-Centrum-SPA.jpg","width":800,"height":550},{"@type":"WebPage","@id":"https:\/\/www.beautydermspa.pl\/spa\/produkt\/karnet-6-wejsc-basen-sauna-silownia\/#webpage","url":"https:\/\/www.beautydermspa.pl\/spa\/produkt\/karnet-6-wejsc-basen-sauna-silownia\/","name":"Karnet Open 6 wej\u015b\u0107 (basen,strefa saun, si\u0142ownia) - Beauty Derm Spa Gda\u0144sk Hotel Posejdon","isPartOf":{"@id":"https:\/\/www.beautydermspa.pl\/spa\/#website"},"primaryImageOfPage":{"@id":"https:\/\/www.beautydermspa.pl\/spa\/produkt\/karnet-6-wejsc-basen-sauna-silownia\/#primaryimage"},"datePublished":"2018-05-14T07:52:26+00:00","dateModified":"2025-03-06T23:00:23+00:00","breadcrumb":{"@id":"https:\/\/www.beautydermspa.pl\/spa\/produkt\/karnet-6-wejsc-basen-sauna-silownia\/#breadcrumb"},"inLanguage":"pl-PL","potentialAction":[{"@type":"ReadAction","target":["https:\/\/www.beautydermspa.pl\/spa\/produkt\/karnet-6-wejsc-basen-sauna-silownia\/"]}]},{"@type":"BreadcrumbList","@id":"https:\/\/www.beautydermspa.pl\/spa\/produkt\/karnet-6-wejsc-basen-sauna-silownia\/#breadcrumb","itemListElement":[{"@type":"ListItem","position":1,"name":"Strona g\u0142\u00f3wna","item":"https:\/\/www.beautydermspa.pl\/spa\/start\/"},{"@type":"ListItem","position":2,"name":"Sklep","item":"https:\/\/www.beautydermspa.pl\/spa\/sklep\/"},{"@type":"ListItem","position":3,"name":"Karnet Open 6 wej\u015b\u0107 (basen,strefa saun, si\u0142ownia)"}]}]}},"_links":{"self":[{"href":"https:\/\/www.beautydermspa.pl\/spa\/wp-json\/wp\/v2\/product\/937"}],"collection":[{"href":"https:\/\/www.beautydermspa.pl\/spa\/wp-json\/wp\/v2\/product"}],"about":[{"href":"https:\/\/www.beautydermspa.pl\/spa\/wp-json\/wp\/v2\/types\/product"}],"wp:featuredmedia":[{"embeddable":true,"href":"https:\/\/www.beautydermspa.pl\/spa\/wp-json\/wp\/v2\/media\/2479"}],"wp:attachment":[{"href":"https:\/\/www.beautydermspa.pl\/spa\/wp-json\/wp\/v2\/media?parent=937"}],"wp:term":[{"taxonomy":"product_cat","embeddable":true,"href":"https:\/\/www.beautydermspa.pl\/spa\/wp-json\/wp\/v2\/product_cat?post=937"},{"taxonomy":"product_tag","embeddable":true,"href":"https:\/\/www.beautydermspa.pl\/spa\/wp-json\/wp\/v2\/product_tag?post=937"}],"curies":[{"name":"wp","href":"https:\/\/api.w.org\/{rel}","templated":true}]}}